{"id":751,"date":"2020-04-27T11:31:56","date_gmt":"2020-04-27T09:31:56","guid":{"rendered":"https:\/\/www.mknet.es\/?page_id=751"},"modified":"2023-02-22T11:19:28","modified_gmt":"2023-02-22T10:19:28","slug":"mesmerize","status":"publish","type":"page","link":"https:\/\/www.mknet.es\/","title":{"rendered":"Front Page"},"content":{"rendered":"<p ><\/p><div  id=\"overlappable-1\" class=\"overlappable-7-mc content-section content-section-spacing\" data-label=\"Overlappable\" data-id=\"overlappable-7-mc\" data-export-id=\"overlappable-7-mc\" data-category=\"overlappable\" data-overlap=\"true\">\n<div  class=\"gridContainer\">\n<div  class=\"row shadow\" data-type=\"row\">\n<div  class=\"col-xs-12 col-sm-6 col-md-3 col-padding-small col-padding-small-xs bg-color-white\">\n<div  class=\"text-center\">\n<div  class=\"col-xs-12 col-sm-fit space-bottom-small-xs\">&nbsp;<\/div>\n<div  class=\"col-xs-12 col-sm\" data-type=\"column\"><a class=\"button blue\" href=\"https:\/\/www.mknet.es?page_id=204\" target=\"_self\" rel=\"noopener noreferrer\" data-cp-link=\"1\">Tele secretarias. Atenci\u00f3n telef\u00f3nica <\/a><\/div>\n<\/div>\n<\/div>\n<div  class=\"col-xs-12 col-sm-6 col-md-3 col-padding-small col-padding-small-xs bg-color-white\">\n<div  class=\"text-center\">\n<div  class=\"col-xs-12 col-sm-fit space-bottom-small-xs\">&nbsp;<\/div>\n<div  class=\"col-xs-12 col-sm\" data-type=\"column\"><a class=\"button blue\" href=\"https:\/\/www.mknet.es?page_id=200\" target=\"_self\" rel=\"noopener noreferrer\" data-cp-link=\"1\">Telemarketing<\/a><\/div>\n<\/div>\n<\/div>\n<div  class=\"col-xs-12 col-sm-6 col-md-3 col-padding-small col-padding-small-xs bg-color-white\">\n<div  class=\"text-center\">\n<div  class=\"col-xs-12 col-sm-fit space-bottom-small-xs\">&nbsp;<\/div>\n<div  class=\"col-xs-12 col-sm\" data-type=\"column\"><a class=\"button blue\" href=\"http:\/\/www.mknetconsulting.net\" target=\"_blank\" data-cp-link=\"1\" rel=\"noopener\">Consultor\u00eda de Atenci\u00f3n Telef\u00f3nica y Telemarketing<\/a><\/div>\n<\/div>\n<\/div>\n<div  class=\"col-xs-12 col-sm-6 col-md-3 col-padding-small col-padding-small-xs bg-color-white\">\n<div  class=\"text-center\">\n<div  class=\"col-xs-12 col-sm-fit space-bottom-small-xs\">&nbsp;<\/div>\n<div  class=\"col-xs-12 col-sm\" data-type=\"column\"><a class=\"button blue\" href=\"https:\/\/www.mknet.es?page_id=478\" target=\"_self\" rel=\"noopener noreferrer\" data-cp-link=\"1\">Atenci\u00f3n multicanal<\/a><\/div>\n<\/div>\n<\/div>\n<\/div>\n<\/div>\n<\/div><div  id=\"about-1\" class=\"about-images-right-section content-section content-section-spacing\" style=\"background-color: #ffffff;\" data-label=\"About\" data-id=\"about-images-right-section-mc\" data-export-id=\"about-images-right-section-mc\" data-category=\"about\">\n<div  class=\"gridContainer\">\n<div  class=\"row middle-sm text-center\">\n<div  class=\"col-sm-5 content-left-sm\" data-type=\"column\">\n<h5  class=\"\">&nbsp;ENTREVISTA A GABRIELA PEREZ, SOCIA FUNDADORA, EN RADIO NERVI\u00d3N. 20\/05\/2022<\/h5>\n<p  class=\"\"><!--[if lt IE 9]><script>document.createElement('audio');<\/script><![endif]-->\n<\/p>\n<h5  class=\"\">&nbsp;<\/h5>\n<h5  class=\"\">MKnet, Call Center en Algorta (Vizcaya)<\/h5>\n<h2  class=\"\">Disponga con MKnet de un Call Center a medida<\/h2>\n<p  class=\"\">-Emisi\u00f3n y recepci\u00f3n de llamadas<br >-Realizaci\u00f3n de encuestas, concertaci\u00f3n de visitas<br >-Actualizaci\u00f3n de bases de datos, fidelizaci\u00f3n,<br >Control de satisfacci\u00f3n<\/p>\n<\/div>\n<div  class=\"col-sm-7 space-bottom-xs\">\n<div  class=\"image-group-side-3-img\"><img decoding=\"async\"  class=\"topimg shadow-large\" title=\"cropped-Call_center_agent.jpg\" src=\"https:\/\/www.mknet.es\/wp-content\/uploads\/2020\/04\/cropped-Call_center_agent.jpg\" alt=\"\"> <img decoding=\"async\"  class=\"rightimg shadow-large\" title=\"cropped-pexels-photo-267507.jpeg\" src=\"https:\/\/www.mknet.es\/wp-content\/uploads\/2020\/04\/cropped-pexels-photo-267507.jpeg\" alt=\"\">\n<p >&nbsp;<\/p>\n<div  class=\"leftimg\"><img decoding=\"async\"  class=\"shadow-large\" title=\"cropped-pexels-photo-2451645.jpeg\" src=\"https:\/\/www.mknet.es\/wp-content\/uploads\/2020\/04\/cropped-pexels-photo-2451645.jpeg\" alt=\"\"><\/div>\n<\/div>\n<\/div>\n<\/div>\n<\/div>\n<\/div><div  id=\"latest-news-1\" class=\"blog-section blog-section-standard content-section content-section-spacing\" style=\"background-color: #ffffff; background-image: none;\" data-label=\"Latest-news\" data-id=\"blog-section\" data-export-id=\"blog-section\" data-category=\"latest_news\">\n<div  class=\"gridContainer\">\n<div  class=\"row\">\n<div  class=\"section-title-col\" data-type=\"column\">\n<h2  class=\"\">NOTICIAS<\/h2>\n<\/div>\n<\/div>\n<div  class=\"row\">\n<div  data-type=\"row\" data-dynamic-columns=\"handled\" data-content-shortcode=\"mesmerize_latest_news\">\t\t<div class=\"row center-sm content-left-sm\">\n\t\t\t\t\t<div id=\"post-1007\" class=\"col-sm-6 col-md-4 space-bottom space-bottom-xs\">\n\t\t\t\t<div class=\"post-content card y-move bordered\">\n\t\t\t\t\t\t\t\t\t\t<div class=\"col-padding col-padding-xs\">\n\t\t\t\t\t\t<h3 class=\"post-title space-bottom-small\">\n\t\t\t\t\t\t\t<a href=\"https:\/\/www.mknet.es\/?p=1007\" rel=\"bookmark\">\n\t\t\t\t\t\t\t\tCuatro razones para contratar un servicio de Telesecretarias\t\t\t\t\t\t\t<\/a>\n\t\t\t\t\t\t<\/h3>\n\t\t\t\t\t\t<p>1 \u00bfno tienes qui\u00e9n te atienda el tel\u00e9fono mientras est\u00e1s reunido o atendiendo a tus clientes? 2 \u00bfquieres poder salir del despacho sin tener que estar pendiente del tel\u00e9fono? 3[&hellip;]<\/p>\n\t\t\t\t\t\t<a class=\"read-more link\" href=\"https:\/\/www.mknet.es\/?p=1007\">\n\t\t\t\t\t\t\tRead more\t\t\t\t\t\t<\/a>\n\t\t\t\t\t<\/div>\n\t\t\t\t<\/div>\n\t\t\t<\/div>\n\t\t\t\t\t\t<div id=\"post-570\" class=\"col-sm-6 col-md-4 space-bottom space-bottom-xs\">\n\t\t\t\t<div class=\"post-content card y-move bordered\">\n\t\t\t\t\t\t\t\t\t\t<div class=\"col-padding col-padding-xs\">\n\t\t\t\t\t\t<h3 class=\"post-title space-bottom-small\">\n\t\t\t\t\t\t\t<a href=\"https:\/\/www.mknet.es\/?p=570\" rel=\"bookmark\">\n\t\t\t\t\t\t\t\tMKnet colabora con el Banco de Alimentos\t\t\t\t\t\t\t<\/a>\n\t\t\t\t\t\t<\/h3>\n\t\t\t\t\t\t<p>MKNET COLABORA CON EL BANCO DE ALIMENTOS DE BIZKAIA El pasado mes de noviembre, con motivo de la Gran Recogida de alimentos realizada por el Banco de Alimentos de Bizkaia,[&hellip;]<\/p>\n\t\t\t\t\t\t<a class=\"read-more link\" href=\"https:\/\/www.mknet.es\/?p=570\">\n\t\t\t\t\t\t\tRead more\t\t\t\t\t\t<\/a>\n\t\t\t\t\t<\/div>\n\t\t\t\t<\/div>\n\t\t\t<\/div>\n\t\t\t\t\t\t<div id=\"post-510\" class=\"col-sm-6 col-md-4 space-bottom space-bottom-xs\">\n\t\t\t\t<div class=\"post-content card y-move bordered\">\n\t\t\t\t\t\t\t\t\t\t<div class=\"col-padding col-padding-xs\">\n\t\t\t\t\t\t<h3 class=\"post-title space-bottom-small\">\n\t\t\t\t\t\t\t<a href=\"https:\/\/www.mknet.es\/?p=510\" rel=\"bookmark\">\n\t\t\t\t\t\t\t\tNuevo programa de Call Center\t\t\t\t\t\t\t<\/a>\n\t\t\t\t\t\t<\/h3>\n\t\t\t\t\t\t<p>En MKnet contamos con un programa de Call Center \u00fanico y hecho a medida, lo que nos\u00a0 permite adaptarnos a las necesidades de cada cliente a la hora de dise\u00f1ar[&hellip;]<\/p>\n\t\t\t\t\t\t<a class=\"read-more link\" href=\"https:\/\/www.mknet.es\/?p=510\">\n\t\t\t\t\t\t\tRead more\t\t\t\t\t\t<\/a>\n\t\t\t\t\t<\/div>\n\t\t\t\t<\/div>\n\t\t\t<\/div>\n\t\t\t\t<\/div>\n\t<\/div>\n<\/div>\n<div  class=\"row\">\n<div  class=\"text-center\"><a  class=\"button color1\" href=\"https:\/\/www.mknet.es\/?page_id=752\" data-attr-shortcode=\"href:mesmerize_blog_link\">VER TODAS LAS PUBLICACIONES<\/a><\/div>\n<\/div>\n<\/div>\n<\/div><div  id=\"cta-1\" class=\"cta-blue-section content-section content-section-spacing-medium bg-color1 white-text\" style=\"background-color: #ffffff; background-size: cover; background-position: center top; background-image: url('https:\/\/www.mknet.es\/wp-content\/uploads\/2020\/04\/Sin-t\u00edtulo-1-scaled.jpg');\" data-label=\"Cta\" data-id=\"cta--1\" data-export-id=\"cta-blue-section\" data-category=\"cta\">\n<div  class=\"gridContainer\">\n<div  class=\"row middle-xs\">\n<div  class=\"col-sm-8 space-bottom-xs\" data-type=\"column\"><span  class=\"\" style=\"color: #ffffff;\">Telesecretarias tele secretarias tele secretarias online telesecretaria virtual tele secretaria virtual call center contact center telemarketing concertaci\u00f3n de visitas curso de telemarketing curso de atenci\u00f3n al cliente formacion telemarketing formacion atencion al cliente<\/span><\/div>\n<div  class=\"col-sm-4 end-sm\" data-type=\"column\">&nbsp;<\/div>\n<\/div>\n<\/div>\n<\/div><div  id=\"overlappable-2\" class=\"overlappable-4 content-section content-section-spacing\" style=\"background-color: #ffffff;\" data-label=\"Overlappable\" data-id=\"overlappable--1\" data-export-id=\"overlappable-4\" data-category=\"overlappable\" data-overlap=\"true\">\n<div  class=\"gridContainer\">\n<div  class=\"row spaced-cols text-center center-sm content-center-sm\" data-type=\"row\">\n<div  class=\"col-xs-12 col-sm-4 col-padding\">\n<div  class=\"\" data-type=\"column\"><a class=\"button blue\" href=\"https:\/\/www.mknet.es?page_id=272\" target=\"_self\" rel=\"noopener noreferrer\" data-cp-link=\"1\">Aviso Legal<\/a><\/div>\n<\/div>\n<\/div>\n<\/div>\n<\/div>","protected":false},"excerpt":{"rendered":"<p>&nbsp; Tele secretarias. Atenci\u00f3n telef\u00f3nica &nbsp; Telemarketing &nbsp; Consultor\u00eda de Atenci\u00f3n Telef\u00f3nica y Telemarketing &nbsp; Atenci\u00f3n multicanal &nbsp;ENTREVISTA A GABRIELA PEREZ, SOCIA FUNDADORA, EN RADIO NERVI\u00d3N. 20\/05\/2022 &nbsp; MKnet, Call Center en Algorta (Vizcaya) Disponga con MKnet de un Call Center a medida -Emisi\u00f3n y recepci\u00f3n de llamadas-Realizaci\u00f3n de encuestas, concertaci\u00f3n de visitas-Actualizaci\u00f3n de bases&hellip; <br \/> <a class=\"read-more\" href=\"https:\/\/www.mknet.es\/?p=510\">Read more<\/a><\/p>\n","protected":false},"author":1,"featured_media":0,"parent":0,"menu_order":0,"comment_status":"closed","ping_status":"closed","template":"page-templates\/homepage.php","meta":{"footnotes":""},"class_list":["post-751","page","type-page","status-publish","hentry"],"yoast_head":"<!-- This site is optimized with the Yoast SEO plugin v27.4 - https:\/\/yoast.com\/product\/yoast-seo-wordpress\/ -->\n<title>Front Page - Mknet<\/title>\n<meta name=\"robots\" content=\"index, follow, max-snippet:-1, max-image-preview:large, max-video-preview:-1\" \/>\n<link rel=\"canonical\" href=\"https:\/\/www.mknet.es\/\" \/>\n<meta property=\"og:locale\" content=\"es_ES\" \/>\n<meta property=\"og:type\" content=\"article\" \/>\n<meta property=\"og:title\" content=\"Front Page - Mknet\" \/>\n<meta property=\"og:description\" content=\"&nbsp; Tele secretarias. Atenci\u00f3n telef\u00f3nica &nbsp; Telemarketing &nbsp; Consultor\u00eda de Atenci\u00f3n Telef\u00f3nica y Telemarketing &nbsp; Atenci\u00f3n multicanal &nbsp;ENTREVISTA A GABRIELA PEREZ, SOCIA FUNDADORA, EN RADIO NERVI\u00d3N. 20\/05\/2022 &nbsp; MKnet, Call Center en Algorta (Vizcaya) Disponga con MKnet de un Call Center a medida -Emisi\u00f3n y recepci\u00f3n de llamadas-Realizaci\u00f3n de encuestas, concertaci\u00f3n de visitas-Actualizaci\u00f3n de bases&hellip; Read more\" \/>\n<meta property=\"og:url\" content=\"https:\/\/www.mknet.es\/\" \/>\n<meta property=\"og:site_name\" content=\"Mknet\" \/>\n<meta property=\"article:modified_time\" content=\"2023-02-22T10:19:28+00:00\" \/>\n<meta property=\"og:image\" content=\"https:\/\/www.mknet.es\/wp-content\/uploads\/2020\/04\/cropped-Call_center_agent.jpg\" \/>\n<meta name=\"twitter:card\" content=\"summary_large_image\" \/>\n<meta name=\"twitter:label1\" content=\"Est. reading time\" \/>\n\t<meta name=\"twitter:data1\" content=\"1 minute\" \/>\n<script type=\"application\/ld+json\" class=\"yoast-schema-graph\">{\"@context\":\"https:\\\/\\\/schema.org\",\"@graph\":[{\"@type\":\"WebPage\",\"@id\":\"https:\\\/\\\/www.mknet.es\\\/\",\"url\":\"https:\\\/\\\/www.mknet.es\\\/\",\"name\":\"Front Page - Mknet\",\"isPartOf\":{\"@id\":\"https:\\\/\\\/www.mknet.es\\\/#website\"},\"primaryImageOfPage\":{\"@id\":\"https:\\\/\\\/www.mknet.es\\\/#primaryimage\"},\"image\":{\"@id\":\"https:\\\/\\\/www.mknet.es\\\/#primaryimage\"},\"thumbnailUrl\":\"https:\\\/\\\/www.mknet.es\\\/wp-content\\\/uploads\\\/2020\\\/04\\\/cropped-Call_center_agent.jpg\",\"datePublished\":\"2020-04-27T09:31:56+00:00\",\"dateModified\":\"2023-02-22T10:19:28+00:00\",\"breadcrumb\":{\"@id\":\"https:\\\/\\\/www.mknet.es\\\/#breadcrumb\"},\"inLanguage\":\"es\",\"potentialAction\":[{\"@type\":\"ReadAction\",\"target\":[\"https:\\\/\\\/www.mknet.es\\\/\"]}]},{\"@type\":\"ImageObject\",\"inLanguage\":\"es\",\"@id\":\"https:\\\/\\\/www.mknet.es\\\/#primaryimage\",\"url\":\"https:\\\/\\\/www.mknet.es\\\/wp-content\\\/uploads\\\/2020\\\/04\\\/cropped-Call_center_agent.jpg\",\"contentUrl\":\"https:\\\/\\\/www.mknet.es\\\/wp-content\\\/uploads\\\/2020\\\/04\\\/cropped-Call_center_agent.jpg\",\"width\":1500,\"height\":1000},{\"@type\":\"BreadcrumbList\",\"@id\":\"https:\\\/\\\/www.mknet.es\\\/#breadcrumb\",\"itemListElement\":[{\"@type\":\"ListItem\",\"position\":1,\"name\":\"Home\",\"item\":\"https:\\\/\\\/www.mknet.es\\\/\"},{\"@type\":\"ListItem\",\"position\":2,\"name\":\"Front Page\"}]},{\"@type\":\"WebSite\",\"@id\":\"https:\\\/\\\/www.mknet.es\\\/#website\",\"url\":\"https:\\\/\\\/www.mknet.es\\\/\",\"name\":\"Mknet\",\"description\":\"\",\"publisher\":{\"@id\":\"https:\\\/\\\/www.mknet.es\\\/#organization\"},\"potentialAction\":[{\"@type\":\"SearchAction\",\"target\":{\"@type\":\"EntryPoint\",\"urlTemplate\":\"https:\\\/\\\/www.mknet.es\\\/?s={search_term_string}\"},\"query-input\":{\"@type\":\"PropertyValueSpecification\",\"valueRequired\":true,\"valueName\":\"search_term_string\"}}],\"inLanguage\":\"es\"},{\"@type\":\"Organization\",\"@id\":\"https:\\\/\\\/www.mknet.es\\\/#organization\",\"name\":\"Mknet\",\"url\":\"https:\\\/\\\/www.mknet.es\\\/\",\"logo\":{\"@type\":\"ImageObject\",\"inLanguage\":\"es\",\"@id\":\"https:\\\/\\\/www.mknet.es\\\/#\\\/schema\\\/logo\\\/image\\\/\",\"url\":\"https:\\\/\\\/www.mknet.es\\\/wp-content\\\/uploads\\\/2020\\\/04\\\/cropped-Logo-mknet-web-2.png\",\"contentUrl\":\"https:\\\/\\\/www.mknet.es\\\/wp-content\\\/uploads\\\/2020\\\/04\\\/cropped-Logo-mknet-web-2.png\",\"width\":331,\"height\":155,\"caption\":\"Mknet\"},\"image\":{\"@id\":\"https:\\\/\\\/www.mknet.es\\\/#\\\/schema\\\/logo\\\/image\\\/\"}}]}<\/script>\n<!-- \/ Yoast SEO plugin. -->","yoast_head_json":{"title":"Front Page - Mknet","robots":{"index":"index","follow":"follow","max-snippet":"max-snippet:-1","max-image-preview":"max-image-preview:large","max-video-preview":"max-video-preview:-1"},"canonical":"https:\/\/www.mknet.es\/","og_locale":"es_ES","og_type":"article","og_title":"Front Page - Mknet","og_description":"&nbsp; Tele secretarias. Atenci\u00f3n telef\u00f3nica &nbsp; Telemarketing &nbsp; Consultor\u00eda de Atenci\u00f3n Telef\u00f3nica y Telemarketing &nbsp; Atenci\u00f3n multicanal &nbsp;ENTREVISTA A GABRIELA PEREZ, SOCIA FUNDADORA, EN RADIO NERVI\u00d3N. 20\/05\/2022 &nbsp; MKnet, Call Center en Algorta (Vizcaya) Disponga con MKnet de un Call Center a medida -Emisi\u00f3n y recepci\u00f3n de llamadas-Realizaci\u00f3n de encuestas, concertaci\u00f3n de visitas-Actualizaci\u00f3n de bases&hellip; Read more","og_url":"https:\/\/www.mknet.es\/","og_site_name":"Mknet","article_modified_time":"2023-02-22T10:19:28+00:00","og_image":[{"url":"https:\/\/www.mknet.es\/wp-content\/uploads\/2020\/04\/cropped-Call_center_agent.jpg","type":"","width":"","height":""}],"twitter_card":"summary_large_image","twitter_misc":{"Est. reading time":"1 minute"},"schema":{"@context":"https:\/\/schema.org","@graph":[{"@type":"WebPage","@id":"https:\/\/www.mknet.es\/","url":"https:\/\/www.mknet.es\/","name":"Front Page - Mknet","isPartOf":{"@id":"https:\/\/www.mknet.es\/#website"},"primaryImageOfPage":{"@id":"https:\/\/www.mknet.es\/#primaryimage"},"image":{"@id":"https:\/\/www.mknet.es\/#primaryimage"},"thumbnailUrl":"https:\/\/www.mknet.es\/wp-content\/uploads\/2020\/04\/cropped-Call_center_agent.jpg","datePublished":"2020-04-27T09:31:56+00:00","dateModified":"2023-02-22T10:19:28+00:00","breadcrumb":{"@id":"https:\/\/www.mknet.es\/#breadcrumb"},"inLanguage":"es","potentialAction":[{"@type":"ReadAction","target":["https:\/\/www.mknet.es\/"]}]},{"@type":"ImageObject","inLanguage":"es","@id":"https:\/\/www.mknet.es\/#primaryimage","url":"https:\/\/www.mknet.es\/wp-content\/uploads\/2020\/04\/cropped-Call_center_agent.jpg","contentUrl":"https:\/\/www.mknet.es\/wp-content\/uploads\/2020\/04\/cropped-Call_center_agent.jpg","width":1500,"height":1000},{"@type":"BreadcrumbList","@id":"https:\/\/www.mknet.es\/#breadcrumb","itemListElement":[{"@type":"ListItem","position":1,"name":"Home","item":"https:\/\/www.mknet.es\/"},{"@type":"ListItem","position":2,"name":"Front Page"}]},{"@type":"WebSite","@id":"https:\/\/www.mknet.es\/#website","url":"https:\/\/www.mknet.es\/","name":"Mknet","description":"","publisher":{"@id":"https:\/\/www.mknet.es\/#organization"},"potentialAction":[{"@type":"SearchAction","target":{"@type":"EntryPoint","urlTemplate":"https:\/\/www.mknet.es\/?s={search_term_string}"},"query-input":{"@type":"PropertyValueSpecification","valueRequired":true,"valueName":"search_term_string"}}],"inLanguage":"es"},{"@type":"Organization","@id":"https:\/\/www.mknet.es\/#organization","name":"Mknet","url":"https:\/\/www.mknet.es\/","logo":{"@type":"ImageObject","inLanguage":"es","@id":"https:\/\/www.mknet.es\/#\/schema\/logo\/image\/","url":"https:\/\/www.mknet.es\/wp-content\/uploads\/2020\/04\/cropped-Logo-mknet-web-2.png","contentUrl":"https:\/\/www.mknet.es\/wp-content\/uploads\/2020\/04\/cropped-Logo-mknet-web-2.png","width":331,"height":155,"caption":"Mknet"},"image":{"@id":"https:\/\/www.mknet.es\/#\/schema\/logo\/image\/"}}]}},"_links":{"self":[{"href":"https:\/\/www.mknet.es\/index.php?rest_route=\/wp\/v2\/pages\/751","targetHints":{"allow":["GET"]}}],"collection":[{"href":"https:\/\/www.mknet.es\/index.php?rest_route=\/wp\/v2\/pages"}],"about":[{"href":"https:\/\/www.mknet.es\/index.php?rest_route=\/wp\/v2\/types\/page"}],"author":[{"embeddable":true,"href":"https:\/\/www.mknet.es\/index.php?rest_route=\/wp\/v2\/users\/1"}],"replies":[{"embeddable":true,"href":"https:\/\/www.mknet.es\/index.php?rest_route=%2Fwp%2Fv2%2Fcomments&post=751"}],"version-history":[{"count":36,"href":"https:\/\/www.mknet.es\/index.php?rest_route=\/wp\/v2\/pages\/751\/revisions"}],"predecessor-version":[{"id":1046,"href":"https:\/\/www.mknet.es\/index.php?rest_route=\/wp\/v2\/pages\/751\/revisions\/1046"}],"wp:attachment":[{"href":"https:\/\/www.mknet.es\/index.php?rest_route=%2Fwp%2Fv2%2Fmedia&parent=751"}],"curies":[{"name":"wp","href":"https:\/\/api.w.org\/{rel}","templated":true}]}}