{"id":525,"date":"2012-11-02T11:11:29","date_gmt":"2012-11-02T10:11:29","guid":{"rendered":"http:\/\/www.mknet.es\/?page_id=525"},"modified":"2024-04-12T10:39:03","modified_gmt":"2024-04-12T08:39:03","slug":"trabaja-con-nosotros-2","status":"publish","type":"page","link":"https:\/\/www.mknet.es\/?page_id=525","title":{"rendered":"Trabaja con nosotros"},"content":{"rendered":"<p>Puede enviarnos su CV a info@mknet.es<\/p>\n\n\n<p>Responsable: Identidad: TELEMARKETINGALGORTA, S.L. &#8211; NIF: B95788436 Dir. postal: JUAN BAUTISTA ZABALA 12 &#8211; 5\u00ba DPTO 3A<br>48991 ALGORTA BIZKAIA Tel\u00e9fono: 946542066 Correo elect: info@mknet.es<br>\u201cEn nombre de la empresa tratamos la informaci\u00f3n que nos facilita con el fin de mantenerle informado de las distintas vacantes a<br>un puesto de trabajo que se produzcan en nuestra organizaci\u00f3n. Los datos proporcionados se conservar\u00e1n hasta la adjudicaci\u00f3n de<br>un puesto de trabajo o hasta que usted ejerza su derecho de cancelaci\u00f3n; por tanto tiene derecho a acceder a sus datos<br>personales, rectificar los datos inexactos o solicitar su supresi\u00f3n cuando los datos ya no sean necesarios. Los datos no se ceder\u00e1n a<br>terceros.\u201d<br>DERECHOS DE LOS INTERESADOS.<br>El interesado podr\u00e1 ejercer los derechos de acceso, rectificaci\u00f3n, supresi\u00f3n, oposici\u00f3n, portabilidad y limitaci\u00f3n, dirigi\u00e9ndose a<br>TELEMARKETINGALGORTA,S .L., mediante solicitud a nuestra direcci\u00f3n de correo electr\u00f3nico establecida a tal efecto:<br>info@mknet.es, o a la direcci\u00f3n postal: MKNET. c\/ Juan Bautista Zabala, 12 \u2013 5\u00ba dpto. 3 A 48991 GETXO BIZKAIA adjuntando en<br>todo caso, fotocopia del D.N.I o documento equivalente v\u00e1lido en derecho que permita acreditar su identidad,, y especificando el<br>derecho que desea ejercer.<\/p>\n","protected":false},"excerpt":{"rendered":"<p>Puede enviarnos su CV a info@mknet.es Responsable: Identidad: TELEMARKETINGALGORTA, S.L. &#8211; NIF: B95788436 Dir. postal: JUAN BAUTISTA ZABALA 12 &#8211; 5\u00ba DPTO 3A48991 ALGORTA BIZKAIA Tel\u00e9fono: 946542066 Correo elect: info@mknet.es\u201cEn nombre de la empresa tratamos la informaci\u00f3n que nos facilita con el fin de mantenerle informado de las distintas vacantes aun puesto de trabajo que&hellip; <br \/> <a class=\"read-more\" href=\"https:\/\/www.mknet.es\/?page_id=525\">Read more<\/a><\/p>\n","protected":false},"author":1,"featured_media":0,"parent":0,"menu_order":0,"comment_status":"closed","ping_status":"open","template":"","meta":{"footnotes":""},"class_list":["post-525","page","type-page","status-publish","hentry"],"yoast_head":"<!-- This site is optimized with the Yoast SEO plugin v27.3 - https:\/\/yoast.com\/product\/yoast-seo-wordpress\/ -->\n<title>Trabaja con nosotros - Mknet<\/title>\n<meta name=\"robots\" content=\"index, follow, max-snippet:-1, max-image-preview:large, max-video-preview:-1\" \/>\n<link rel=\"canonical\" href=\"https:\/\/www.mknet.es\/?page_id=525\" \/>\n<meta property=\"og:locale\" content=\"es_ES\" \/>\n<meta property=\"og:type\" content=\"article\" \/>\n<meta property=\"og:title\" content=\"Trabaja con nosotros - Mknet\" \/>\n<meta property=\"og:description\" content=\"Puede enviarnos su CV a info@mknet.es Responsable: Identidad: TELEMARKETINGALGORTA, S.L. &#8211; NIF: B95788436 Dir. postal: JUAN BAUTISTA ZABALA 12 &#8211; 5\u00ba DPTO 3A48991 ALGORTA BIZKAIA Tel\u00e9fono: 946542066 Correo elect: info@mknet.es\u201cEn nombre de la empresa tratamos la informaci\u00f3n que nos facilita con el fin de mantenerle informado de las distintas vacantes aun puesto de trabajo que&hellip; Read more\" \/>\n<meta property=\"og:url\" content=\"https:\/\/www.mknet.es\/?page_id=525\" \/>\n<meta property=\"og:site_name\" content=\"Mknet\" \/>\n<meta property=\"article:modified_time\" content=\"2024-04-12T08:39:03+00:00\" \/>\n<meta name=\"twitter:card\" content=\"summary_large_image\" \/>\n<meta name=\"twitter:label1\" content=\"Est. reading time\" \/>\n\t<meta name=\"twitter:data1\" content=\"1 minute\" \/>\n<script type=\"application\/ld+json\" class=\"yoast-schema-graph\">{\"@context\":\"https:\\\/\\\/schema.org\",\"@graph\":[{\"@type\":\"WebPage\",\"@id\":\"https:\\\/\\\/www.mknet.es\\\/?page_id=525\",\"url\":\"https:\\\/\\\/www.mknet.es\\\/?page_id=525\",\"name\":\"Trabaja con nosotros - Mknet\",\"isPartOf\":{\"@id\":\"https:\\\/\\\/www.mknet.es\\\/#website\"},\"datePublished\":\"2012-11-02T10:11:29+00:00\",\"dateModified\":\"2024-04-12T08:39:03+00:00\",\"breadcrumb\":{\"@id\":\"https:\\\/\\\/www.mknet.es\\\/?page_id=525#breadcrumb\"},\"inLanguage\":\"es\",\"potentialAction\":[{\"@type\":\"ReadAction\",\"target\":[\"https:\\\/\\\/www.mknet.es\\\/?page_id=525\"]}]},{\"@type\":\"BreadcrumbList\",\"@id\":\"https:\\\/\\\/www.mknet.es\\\/?page_id=525#breadcrumb\",\"itemListElement\":[{\"@type\":\"ListItem\",\"position\":1,\"name\":\"Home\",\"item\":\"https:\\\/\\\/www.mknet.es\\\/\"},{\"@type\":\"ListItem\",\"position\":2,\"name\":\"Trabaja con nosotros\"}]},{\"@type\":\"WebSite\",\"@id\":\"https:\\\/\\\/www.mknet.es\\\/#website\",\"url\":\"https:\\\/\\\/www.mknet.es\\\/\",\"name\":\"Mknet\",\"description\":\"\",\"publisher\":{\"@id\":\"https:\\\/\\\/www.mknet.es\\\/#organization\"},\"potentialAction\":[{\"@type\":\"SearchAction\",\"target\":{\"@type\":\"EntryPoint\",\"urlTemplate\":\"https:\\\/\\\/www.mknet.es\\\/?s={search_term_string}\"},\"query-input\":{\"@type\":\"PropertyValueSpecification\",\"valueRequired\":true,\"valueName\":\"search_term_string\"}}],\"inLanguage\":\"es\"},{\"@type\":\"Organization\",\"@id\":\"https:\\\/\\\/www.mknet.es\\\/#organization\",\"name\":\"Mknet\",\"url\":\"https:\\\/\\\/www.mknet.es\\\/\",\"logo\":{\"@type\":\"ImageObject\",\"inLanguage\":\"es\",\"@id\":\"https:\\\/\\\/www.mknet.es\\\/#\\\/schema\\\/logo\\\/image\\\/\",\"url\":\"https:\\\/\\\/www.mknet.es\\\/wp-content\\\/uploads\\\/2020\\\/04\\\/cropped-Logo-mknet-web-2.png\",\"contentUrl\":\"https:\\\/\\\/www.mknet.es\\\/wp-content\\\/uploads\\\/2020\\\/04\\\/cropped-Logo-mknet-web-2.png\",\"width\":331,\"height\":155,\"caption\":\"Mknet\"},\"image\":{\"@id\":\"https:\\\/\\\/www.mknet.es\\\/#\\\/schema\\\/logo\\\/image\\\/\"}}]}<\/script>\n<!-- \/ Yoast SEO plugin. -->","yoast_head_json":{"title":"Trabaja con nosotros - Mknet","robots":{"index":"index","follow":"follow","max-snippet":"max-snippet:-1","max-image-preview":"max-image-preview:large","max-video-preview":"max-video-preview:-1"},"canonical":"https:\/\/www.mknet.es\/?page_id=525","og_locale":"es_ES","og_type":"article","og_title":"Trabaja con nosotros - Mknet","og_description":"Puede enviarnos su CV a info@mknet.es Responsable: Identidad: TELEMARKETINGALGORTA, S.L. &#8211; NIF: B95788436 Dir. postal: JUAN BAUTISTA ZABALA 12 &#8211; 5\u00ba DPTO 3A48991 ALGORTA BIZKAIA Tel\u00e9fono: 946542066 Correo elect: info@mknet.es\u201cEn nombre de la empresa tratamos la informaci\u00f3n que nos facilita con el fin de mantenerle informado de las distintas vacantes aun puesto de trabajo que&hellip; Read more","og_url":"https:\/\/www.mknet.es\/?page_id=525","og_site_name":"Mknet","article_modified_time":"2024-04-12T08:39:03+00:00","twitter_card":"summary_large_image","twitter_misc":{"Est. reading time":"1 minute"},"schema":{"@context":"https:\/\/schema.org","@graph":[{"@type":"WebPage","@id":"https:\/\/www.mknet.es\/?page_id=525","url":"https:\/\/www.mknet.es\/?page_id=525","name":"Trabaja con nosotros - Mknet","isPartOf":{"@id":"https:\/\/www.mknet.es\/#website"},"datePublished":"2012-11-02T10:11:29+00:00","dateModified":"2024-04-12T08:39:03+00:00","breadcrumb":{"@id":"https:\/\/www.mknet.es\/?page_id=525#breadcrumb"},"inLanguage":"es","potentialAction":[{"@type":"ReadAction","target":["https:\/\/www.mknet.es\/?page_id=525"]}]},{"@type":"BreadcrumbList","@id":"https:\/\/www.mknet.es\/?page_id=525#breadcrumb","itemListElement":[{"@type":"ListItem","position":1,"name":"Home","item":"https:\/\/www.mknet.es\/"},{"@type":"ListItem","position":2,"name":"Trabaja con nosotros"}]},{"@type":"WebSite","@id":"https:\/\/www.mknet.es\/#website","url":"https:\/\/www.mknet.es\/","name":"Mknet","description":"","publisher":{"@id":"https:\/\/www.mknet.es\/#organization"},"potentialAction":[{"@type":"SearchAction","target":{"@type":"EntryPoint","urlTemplate":"https:\/\/www.mknet.es\/?s={search_term_string}"},"query-input":{"@type":"PropertyValueSpecification","valueRequired":true,"valueName":"search_term_string"}}],"inLanguage":"es"},{"@type":"Organization","@id":"https:\/\/www.mknet.es\/#organization","name":"Mknet","url":"https:\/\/www.mknet.es\/","logo":{"@type":"ImageObject","inLanguage":"es","@id":"https:\/\/www.mknet.es\/#\/schema\/logo\/image\/","url":"https:\/\/www.mknet.es\/wp-content\/uploads\/2020\/04\/cropped-Logo-mknet-web-2.png","contentUrl":"https:\/\/www.mknet.es\/wp-content\/uploads\/2020\/04\/cropped-Logo-mknet-web-2.png","width":331,"height":155,"caption":"Mknet"},"image":{"@id":"https:\/\/www.mknet.es\/#\/schema\/logo\/image\/"}}]}},"_links":{"self":[{"href":"https:\/\/www.mknet.es\/index.php?rest_route=\/wp\/v2\/pages\/525","targetHints":{"allow":["GET"]}}],"collection":[{"href":"https:\/\/www.mknet.es\/index.php?rest_route=\/wp\/v2\/pages"}],"about":[{"href":"https:\/\/www.mknet.es\/index.php?rest_route=\/wp\/v2\/types\/page"}],"author":[{"embeddable":true,"href":"https:\/\/www.mknet.es\/index.php?rest_route=\/wp\/v2\/users\/1"}],"replies":[{"embeddable":true,"href":"https:\/\/www.mknet.es\/index.php?rest_route=%2Fwp%2Fv2%2Fcomments&post=525"}],"version-history":[{"count":19,"href":"https:\/\/www.mknet.es\/index.php?rest_route=\/wp\/v2\/pages\/525\/revisions"}],"predecessor-version":[{"id":1058,"href":"https:\/\/www.mknet.es\/index.php?rest_route=\/wp\/v2\/pages\/525\/revisions\/1058"}],"wp:attachment":[{"href":"https:\/\/www.mknet.es\/index.php?rest_route=%2Fwp%2Fv2%2Fmedia&parent=525"}],"curies":[{"name":"wp","href":"https:\/\/api.w.org\/{rel}","templated":true}]}}