{"id":200,"date":"2011-03-10T12:56:05","date_gmt":"2011-03-10T12:56:05","guid":{"rendered":"http:\/\/www.mknet.es\/?page_id=200"},"modified":"2020-04-29T11:55:10","modified_gmt":"2020-04-29T09:55:10","slug":"telemarketing-3","status":"publish","type":"page","link":"https:\/\/www.mknet.es\/?page_id=200","title":{"rendered":"Telemarketing"},"content":{"rendered":"<p><span style=\"color: #333333;\">El marketing telef\u00f3nico es una de las herramientas m\u00e1s eficaces para llegar al p\u00fablico objetivo.<\/span><\/p>\n<p><span style=\"color: #333333;\">En MKnet contamos con\u00a0 <strong>SOFTWARE TELEF\u00d3NICO<\/strong> de\u00a0 \u00faltima generaci\u00f3n, y\u00a0 con un <strong>EQUIPO HUMANO<\/strong> altamente cualificado.<\/span><\/p>\n<p><span style=\"color: #333333;\">Disponemos de un programa de Call Center hecho a medida: podemos adaptarnos a las necesidades de cada cliente y conseguimos que cada campa\u00f1a se convierta en un estudio de mercado, mediante la elaboraci\u00f3n de informes personalizados, con informaci\u00f3n muy valiosa para sus futuras estrategias de marketing.<\/span><\/p>\n<p><strong><span style=\"color: #333333;\">-CONCERTAMOS VISITAS PARA SUS COMERCIALES<a style=\"color: #333333;\" href=\"http:\/\/www.mknet.es\/wp-content\/uploads\/2011\/03\/FOTO-OPERADORA2.jpg\"><img loading=\"lazy\" decoding=\"async\" class=\"alignright size-medium wp-image-410\" title=\"FOTO OPERADORA\" src=\"http:\/\/www.mknet.es\/wp-content\/uploads\/2011\/03\/FOTO-OPERADORA2-195x300.jpg\" alt=\"\" width=\"187\" height=\"277\" \/><\/a><\/span><\/strong><br \/>\n<strong><span style=\"color: #333333;\">-PRESENTAMOS SU EMPRESA ANTE POTENCIALES CLIENTES<\/span><\/strong><br \/>\n<strong><span style=\"color: #333333;\">-REALIZAMOS CAMPA\u00d1AS DE FIDELIZACION<\/span><\/strong><br \/>\n<strong><span style=\"color: #333333;\">-RENOVACIONES DE CONTRATOS Y SUSCRIPCIONES<\/span><\/strong><br \/>\n<strong><span style=\"color: #333333;\">-INVITACION A EVENTOS<\/span><\/strong><br \/>\n<strong><span style=\"color: #333333;\">-ENCUESTAS PARA ESTUDIOS DE MERCADO<\/span><\/strong><br \/>\n<strong><span style=\"color: #333333;\">-SEGUIMIENTO DE MAILINGS Y E-MAILINGS<\/span><\/strong><br \/>\n<strong><span style=\"color: #333333;\">-ACTUALIZACION DE BASES DE DATOS<\/span><\/strong><\/p>\n<p><span style=\"color: #333333;\">Podemos asesorarle en todas las fases de la campa\u00f1a<\/span><\/p>\n<p><span style=\"color: #333333;\">Elaboramos sus argumentarios<\/span><\/p>\n<p><span style=\"color: #333333;\">Informes diarios de resultados<\/span><\/p>\n<p><span style=\"color: #333333;\">Personal cualificado y en permanente formaci\u00f3n<\/span><\/p>\n<p><span style=\"color: #333333;\">Presupuestos a medida. Puede llamarnos o rellenar el formulario de contacto.<\/span><\/p>\n","protected":false},"excerpt":{"rendered":"<p>El marketing telef\u00f3nico es una de las herramientas m\u00e1s eficaces para llegar al p\u00fablico objetivo. En MKnet contamos con\u00a0 SOFTWARE TELEF\u00d3NICO de\u00a0 \u00faltima generaci\u00f3n, y\u00a0 con un EQUIPO HUMANO altamente cualificado. Disponemos de un programa de Call Center hecho a medida: podemos adaptarnos a las necesidades de cada cliente y conseguimos que cada campa\u00f1a se&hellip; <br \/> <a class=\"read-more\" href=\"https:\/\/www.mknet.es\/?page_id=200\">Read more<\/a><\/p>\n","protected":false},"author":1,"featured_media":0,"parent":0,"menu_order":0,"comment_status":"closed","ping_status":"open","template":"","meta":{"footnotes":""},"class_list":["post-200","page","type-page","status-publish","hentry"],"yoast_head":"<!-- This site is optimized with the Yoast SEO plugin v27.5 - https:\/\/yoast.com\/product\/yoast-seo-wordpress\/ -->\n<title>Telemarketing - Mknet<\/title>\n<meta name=\"robots\" content=\"index, follow, max-snippet:-1, max-image-preview:large, max-video-preview:-1\" \/>\n<link rel=\"canonical\" href=\"https:\/\/www.mknet.es\/?page_id=200\" \/>\n<meta property=\"og:locale\" content=\"es_ES\" \/>\n<meta property=\"og:type\" content=\"article\" \/>\n<meta property=\"og:title\" content=\"Telemarketing - Mknet\" \/>\n<meta property=\"og:description\" content=\"El marketing telef\u00f3nico es una de las herramientas m\u00e1s eficaces para llegar al p\u00fablico objetivo. En MKnet contamos con\u00a0 SOFTWARE TELEF\u00d3NICO de\u00a0 \u00faltima generaci\u00f3n, y\u00a0 con un EQUIPO HUMANO altamente cualificado. Disponemos de un programa de Call Center hecho a medida: podemos adaptarnos a las necesidades de cada cliente y conseguimos que cada campa\u00f1a se&hellip; Read more\" \/>\n<meta property=\"og:url\" content=\"https:\/\/www.mknet.es\/?page_id=200\" \/>\n<meta property=\"og:site_name\" content=\"Mknet\" \/>\n<meta property=\"article:modified_time\" content=\"2020-04-29T09:55:10+00:00\" \/>\n<meta property=\"og:image\" content=\"http:\/\/www.mknet.es\/wp-content\/uploads\/2011\/03\/FOTO-OPERADORA2-195x300.jpg\" \/>\n<meta name=\"twitter:card\" content=\"summary_large_image\" \/>\n<meta name=\"twitter:label1\" content=\"Est. reading time\" \/>\n\t<meta name=\"twitter:data1\" content=\"1 minute\" \/>\n<script type=\"application\/ld+json\" class=\"yoast-schema-graph\">{\"@context\":\"https:\\\/\\\/schema.org\",\"@graph\":[{\"@type\":\"WebPage\",\"@id\":\"https:\\\/\\\/www.mknet.es\\\/?page_id=200\",\"url\":\"https:\\\/\\\/www.mknet.es\\\/?page_id=200\",\"name\":\"Telemarketing - Mknet\",\"isPartOf\":{\"@id\":\"https:\\\/\\\/www.mknet.es\\\/#website\"},\"primaryImageOfPage\":{\"@id\":\"https:\\\/\\\/www.mknet.es\\\/?page_id=200#primaryimage\"},\"image\":{\"@id\":\"https:\\\/\\\/www.mknet.es\\\/?page_id=200#primaryimage\"},\"thumbnailUrl\":\"http:\\\/\\\/www.mknet.es\\\/wp-content\\\/uploads\\\/2011\\\/03\\\/FOTO-OPERADORA2-195x300.jpg\",\"datePublished\":\"2011-03-10T12:56:05+00:00\",\"dateModified\":\"2020-04-29T09:55:10+00:00\",\"breadcrumb\":{\"@id\":\"https:\\\/\\\/www.mknet.es\\\/?page_id=200#breadcrumb\"},\"inLanguage\":\"es\",\"potentialAction\":[{\"@type\":\"ReadAction\",\"target\":[\"https:\\\/\\\/www.mknet.es\\\/?page_id=200\"]}]},{\"@type\":\"ImageObject\",\"inLanguage\":\"es\",\"@id\":\"https:\\\/\\\/www.mknet.es\\\/?page_id=200#primaryimage\",\"url\":\"https:\\\/\\\/www.mknet.es\\\/wp-content\\\/uploads\\\/2011\\\/03\\\/FOTO-OPERADORA2.jpg\",\"contentUrl\":\"https:\\\/\\\/www.mknet.es\\\/wp-content\\\/uploads\\\/2011\\\/03\\\/FOTO-OPERADORA2.jpg\",\"width\":\"684\",\"height\":\"1050\"},{\"@type\":\"BreadcrumbList\",\"@id\":\"https:\\\/\\\/www.mknet.es\\\/?page_id=200#breadcrumb\",\"itemListElement\":[{\"@type\":\"ListItem\",\"position\":1,\"name\":\"Home\",\"item\":\"https:\\\/\\\/www.mknet.es\\\/\"},{\"@type\":\"ListItem\",\"position\":2,\"name\":\"Telemarketing\"}]},{\"@type\":\"WebSite\",\"@id\":\"https:\\\/\\\/www.mknet.es\\\/#website\",\"url\":\"https:\\\/\\\/www.mknet.es\\\/\",\"name\":\"Mknet\",\"description\":\"\",\"publisher\":{\"@id\":\"https:\\\/\\\/www.mknet.es\\\/#organization\"},\"potentialAction\":[{\"@type\":\"SearchAction\",\"target\":{\"@type\":\"EntryPoint\",\"urlTemplate\":\"https:\\\/\\\/www.mknet.es\\\/?s={search_term_string}\"},\"query-input\":{\"@type\":\"PropertyValueSpecification\",\"valueRequired\":true,\"valueName\":\"search_term_string\"}}],\"inLanguage\":\"es\"},{\"@type\":\"Organization\",\"@id\":\"https:\\\/\\\/www.mknet.es\\\/#organization\",\"name\":\"Mknet\",\"url\":\"https:\\\/\\\/www.mknet.es\\\/\",\"logo\":{\"@type\":\"ImageObject\",\"inLanguage\":\"es\",\"@id\":\"https:\\\/\\\/www.mknet.es\\\/#\\\/schema\\\/logo\\\/image\\\/\",\"url\":\"https:\\\/\\\/www.mknet.es\\\/wp-content\\\/uploads\\\/2020\\\/04\\\/cropped-Logo-mknet-web-2.png\",\"contentUrl\":\"https:\\\/\\\/www.mknet.es\\\/wp-content\\\/uploads\\\/2020\\\/04\\\/cropped-Logo-mknet-web-2.png\",\"width\":331,\"height\":155,\"caption\":\"Mknet\"},\"image\":{\"@id\":\"https:\\\/\\\/www.mknet.es\\\/#\\\/schema\\\/logo\\\/image\\\/\"}}]}<\/script>\n<!-- \/ Yoast SEO plugin. -->","yoast_head_json":{"title":"Telemarketing - Mknet","robots":{"index":"index","follow":"follow","max-snippet":"max-snippet:-1","max-image-preview":"max-image-preview:large","max-video-preview":"max-video-preview:-1"},"canonical":"https:\/\/www.mknet.es\/?page_id=200","og_locale":"es_ES","og_type":"article","og_title":"Telemarketing - Mknet","og_description":"El marketing telef\u00f3nico es una de las herramientas m\u00e1s eficaces para llegar al p\u00fablico objetivo. En MKnet contamos con\u00a0 SOFTWARE TELEF\u00d3NICO de\u00a0 \u00faltima generaci\u00f3n, y\u00a0 con un EQUIPO HUMANO altamente cualificado. Disponemos de un programa de Call Center hecho a medida: podemos adaptarnos a las necesidades de cada cliente y conseguimos que cada campa\u00f1a se&hellip; Read more","og_url":"https:\/\/www.mknet.es\/?page_id=200","og_site_name":"Mknet","article_modified_time":"2020-04-29T09:55:10+00:00","og_image":[{"url":"http:\/\/www.mknet.es\/wp-content\/uploads\/2011\/03\/FOTO-OPERADORA2-195x300.jpg","type":"","width":"","height":""}],"twitter_card":"summary_large_image","twitter_misc":{"Est. reading time":"1 minute"},"schema":{"@context":"https:\/\/schema.org","@graph":[{"@type":"WebPage","@id":"https:\/\/www.mknet.es\/?page_id=200","url":"https:\/\/www.mknet.es\/?page_id=200","name":"Telemarketing - Mknet","isPartOf":{"@id":"https:\/\/www.mknet.es\/#website"},"primaryImageOfPage":{"@id":"https:\/\/www.mknet.es\/?page_id=200#primaryimage"},"image":{"@id":"https:\/\/www.mknet.es\/?page_id=200#primaryimage"},"thumbnailUrl":"http:\/\/www.mknet.es\/wp-content\/uploads\/2011\/03\/FOTO-OPERADORA2-195x300.jpg","datePublished":"2011-03-10T12:56:05+00:00","dateModified":"2020-04-29T09:55:10+00:00","breadcrumb":{"@id":"https:\/\/www.mknet.es\/?page_id=200#breadcrumb"},"inLanguage":"es","potentialAction":[{"@type":"ReadAction","target":["https:\/\/www.mknet.es\/?page_id=200"]}]},{"@type":"ImageObject","inLanguage":"es","@id":"https:\/\/www.mknet.es\/?page_id=200#primaryimage","url":"https:\/\/www.mknet.es\/wp-content\/uploads\/2011\/03\/FOTO-OPERADORA2.jpg","contentUrl":"https:\/\/www.mknet.es\/wp-content\/uploads\/2011\/03\/FOTO-OPERADORA2.jpg","width":"684","height":"1050"},{"@type":"BreadcrumbList","@id":"https:\/\/www.mknet.es\/?page_id=200#breadcrumb","itemListElement":[{"@type":"ListItem","position":1,"name":"Home","item":"https:\/\/www.mknet.es\/"},{"@type":"ListItem","position":2,"name":"Telemarketing"}]},{"@type":"WebSite","@id":"https:\/\/www.mknet.es\/#website","url":"https:\/\/www.mknet.es\/","name":"Mknet","description":"","publisher":{"@id":"https:\/\/www.mknet.es\/#organization"},"potentialAction":[{"@type":"SearchAction","target":{"@type":"EntryPoint","urlTemplate":"https:\/\/www.mknet.es\/?s={search_term_string}"},"query-input":{"@type":"PropertyValueSpecification","valueRequired":true,"valueName":"search_term_string"}}],"inLanguage":"es"},{"@type":"Organization","@id":"https:\/\/www.mknet.es\/#organization","name":"Mknet","url":"https:\/\/www.mknet.es\/","logo":{"@type":"ImageObject","inLanguage":"es","@id":"https:\/\/www.mknet.es\/#\/schema\/logo\/image\/","url":"https:\/\/www.mknet.es\/wp-content\/uploads\/2020\/04\/cropped-Logo-mknet-web-2.png","contentUrl":"https:\/\/www.mknet.es\/wp-content\/uploads\/2020\/04\/cropped-Logo-mknet-web-2.png","width":331,"height":155,"caption":"Mknet"},"image":{"@id":"https:\/\/www.mknet.es\/#\/schema\/logo\/image\/"}}]}},"_links":{"self":[{"href":"https:\/\/www.mknet.es\/index.php?rest_route=\/wp\/v2\/pages\/200","targetHints":{"allow":["GET"]}}],"collection":[{"href":"https:\/\/www.mknet.es\/index.php?rest_route=\/wp\/v2\/pages"}],"about":[{"href":"https:\/\/www.mknet.es\/index.php?rest_route=\/wp\/v2\/types\/page"}],"author":[{"embeddable":true,"href":"https:\/\/www.mknet.es\/index.php?rest_route=\/wp\/v2\/users\/1"}],"replies":[{"embeddable":true,"href":"https:\/\/www.mknet.es\/index.php?rest_route=%2Fwp%2Fv2%2Fcomments&post=200"}],"version-history":[{"count":21,"href":"https:\/\/www.mknet.es\/index.php?rest_route=\/wp\/v2\/pages\/200\/revisions"}],"predecessor-version":[{"id":917,"href":"https:\/\/www.mknet.es\/index.php?rest_route=\/wp\/v2\/pages\/200\/revisions\/917"}],"wp:attachment":[{"href":"https:\/\/www.mknet.es\/index.php?rest_route=%2Fwp%2Fv2%2Fmedia&parent=200"}],"curies":[{"name":"wp","href":"https:\/\/api.w.org\/{rel}","templated":true}]}}