{"id":2,"date":"2010-06-18T20:51:35","date_gmt":"2010-06-18T20:51:35","guid":{"rendered":"http:\/\/www.mknet.es\/?page_id=2"},"modified":"2022-09-15T13:21:49","modified_gmt":"2022-09-15T11:21:49","slug":"about","status":"publish","type":"page","link":"https:\/\/www.mknet.es\/?page_id=2","title":{"rendered":"Qui\u00e9nes Somos"},"content":{"rendered":"<p style=\"text-align: justify;\"><span style=\"color: #333333;\"><span style=\"color: #00b1fa;\"><strong>M<\/strong><strong>Kne<\/strong><strong>t<\/strong><\/span> es una empresa fundada en el a\u00f1o 2010. Sus socias fundadoras proceden del mundo del telemarketing y cuentan con m\u00e1s de 20 a\u00f1os de experiencia en este campo.<\/span><\/p>\n<p style=\"text-align: justify;\">\n<p style=\"text-align: justify;\"><span style=\"color: #333333;\">Desde su creaci\u00f3n, <span style=\"color: #00b1fa;\"><strong>MKnet<\/strong><\/span>\u00a0ha dirigido sus esfuerzos a consolidarse como una herramienta de apoyo en la gesti\u00f3n comercial de sus clientes, prestando un servicio de telemarketing de calidad y altamente personalizado.<\/span><\/p>\n<p style=\"text-align: justify;\">\n<p style=\"text-align: justify;\">\n<p style=\"text-align: justify;\"><span style=\"color: #333333;\"><a style=\"color: #333333;\" href=\"http:\/\/www.mknet.es\/wp-content\/uploads\/2010\/06\/callcenter.jpg\"><img loading=\"lazy\" decoding=\"async\" class=\"aligncenter size-medium wp-image-113\" title=\"callcenter\" src=\"http:\/\/www.mknet.es\/wp-content\/uploads\/2010\/06\/callcenter-300x267.jpg\" alt=\"\" width=\"300\" height=\"267\" srcset=\"https:\/\/www.mknet.es\/wp-content\/uploads\/2010\/06\/callcenter-300x267.jpg 300w, https:\/\/www.mknet.es\/wp-content\/uploads\/2010\/06\/callcenter.jpg 396w\" sizes=\"auto, (max-width: 300px) 100vw, 300px\" \/><\/a><\/span><br \/>\n<span style=\"color: #333333;\">La cualificaci\u00f3n de nuestros trabajadores est\u00e1 basada en una amplia experiencia y en la formaci\u00f3n continua.<\/span><\/p>\n<p style=\"text-align: justify;\"><span style=\"color: #333333;\">En <span style=\"color: #00b1fa;\"><strong>M<\/strong><strong>Kne<\/strong><strong>t<\/strong><\/span> encontrar\u00e1 m\u00faltiples soluciones que le har\u00e1n su d\u00eda a d\u00eda m\u00e1s f\u00e1cil y supondr\u00e1n una ventaja competitiva para su negocio.<\/span><br \/>\n<span style=\"color: #333333;\">El futuro de las empresas consiste en ofrecer sus productos y servicios al 100%, dejando que empresas como <span style=\"color: #00b1fa;\"><strong>MKnet<\/strong><\/span> se ocupen de aquellos detalles que sin dejar de ser importantes suponen un esfuerzo extra para sus trabajadores y les obliga a dedicar un tiempo precioso.<\/span><\/p>\n<p style=\"text-align: justify;\"><span style=\"color: #333333;\">Hoy en d\u00eda la externalizaci\u00f3n del \u00e1rea de Atenci\u00f3n Telef\u00f3nica se est\u00e1 convirtiendo en una de las opciones que mejores resultados ofrece a las empresas, tanto por la mejora de de la calidad, como por la elevada reducci\u00f3n de costes.<\/span><\/p>\n<p style=\"text-align: justify;\"><span style=\"color: #333333;\">Nuestro servicio integral de Telemarketing colaborar\u00e1 con usted y con su departamento comercial e incrementar\u00e1 sus ventas. Las inversiones realizadas en este campo siempre se compensan con los beneficios obtenidos, pues hablamos directamente con nuestro cliente o prospecto.<\/span><br \/>\n<span style=\"color: #333333;\">No dude en consultar con <span style=\"color: #00b1fa;\"><strong>MKnet<\/strong><\/span> para informarse de todos los servicios disponibles que le har\u00e1n aumentar su productividad y ahorrar tiempo y dinero. Trataremos su caso de forma individual porque detr\u00e1s de<span style=\"color: #00b1fa;\"><strong> MKnet<\/strong> <\/span>hay un equipo de personas que se involucran y se adaptan a sus necesidades.<\/span><\/p>\n","protected":false},"excerpt":{"rendered":"<p>MKnet es una empresa fundada en el a\u00f1o 2010. Sus socias fundadoras proceden del mundo del telemarketing y cuentan con m\u00e1s de 20 a\u00f1os de experiencia en este campo. Desde su creaci\u00f3n, MKnet\u00a0ha dirigido sus esfuerzos a consolidarse como una herramienta de apoyo en la gesti\u00f3n comercial de sus clientes, prestando un servicio de telemarketing&hellip; <br \/> <a class=\"read-more\" href=\"https:\/\/www.mknet.es\/?page_id=2\">Read more<\/a><\/p>\n","protected":false},"author":1,"featured_media":0,"parent":0,"menu_order":1,"comment_status":"closed","ping_status":"open","template":"","meta":{"footnotes":""},"class_list":["post-2","page","type-page","status-publish","hentry"],"yoast_head":"<!-- This site is optimized with the Yoast SEO plugin v27.4 - https:\/\/yoast.com\/product\/yoast-seo-wordpress\/ -->\n<title>Qui\u00e9nes Somos - Mknet<\/title>\n<meta name=\"robots\" content=\"index, follow, max-snippet:-1, max-image-preview:large, max-video-preview:-1\" \/>\n<link rel=\"canonical\" href=\"https:\/\/www.mknet.es\/?page_id=2\" \/>\n<meta property=\"og:locale\" content=\"es_ES\" \/>\n<meta property=\"og:type\" content=\"article\" \/>\n<meta property=\"og:title\" content=\"Qui\u00e9nes Somos - Mknet\" \/>\n<meta property=\"og:description\" content=\"MKnet es una empresa fundada en el a\u00f1o 2010. Sus socias fundadoras proceden del mundo del telemarketing y cuentan con m\u00e1s de 20 a\u00f1os de experiencia en este campo. Desde su creaci\u00f3n, MKnet\u00a0ha dirigido sus esfuerzos a consolidarse como una herramienta de apoyo en la gesti\u00f3n comercial de sus clientes, prestando un servicio de telemarketing&hellip; Read more\" \/>\n<meta property=\"og:url\" content=\"https:\/\/www.mknet.es\/?page_id=2\" \/>\n<meta property=\"og:site_name\" content=\"Mknet\" \/>\n<meta property=\"article:modified_time\" content=\"2022-09-15T11:21:49+00:00\" \/>\n<meta property=\"og:image\" content=\"http:\/\/www.mknet.es\/wp-content\/uploads\/2010\/06\/callcenter-300x267.jpg\" \/>\n<meta name=\"twitter:card\" content=\"summary_large_image\" \/>\n<meta name=\"twitter:label1\" content=\"Est. reading time\" \/>\n\t<meta name=\"twitter:data1\" content=\"1 minute\" \/>\n<script type=\"application\/ld+json\" class=\"yoast-schema-graph\">{\"@context\":\"https:\\\/\\\/schema.org\",\"@graph\":[{\"@type\":\"WebPage\",\"@id\":\"https:\\\/\\\/www.mknet.es\\\/?page_id=2\",\"url\":\"https:\\\/\\\/www.mknet.es\\\/?page_id=2\",\"name\":\"Qui\u00e9nes Somos - Mknet\",\"isPartOf\":{\"@id\":\"https:\\\/\\\/www.mknet.es\\\/#website\"},\"primaryImageOfPage\":{\"@id\":\"https:\\\/\\\/www.mknet.es\\\/?page_id=2#primaryimage\"},\"image\":{\"@id\":\"https:\\\/\\\/www.mknet.es\\\/?page_id=2#primaryimage\"},\"thumbnailUrl\":\"http:\\\/\\\/www.mknet.es\\\/wp-content\\\/uploads\\\/2010\\\/06\\\/callcenter-300x267.jpg\",\"datePublished\":\"2010-06-18T20:51:35+00:00\",\"dateModified\":\"2022-09-15T11:21:49+00:00\",\"breadcrumb\":{\"@id\":\"https:\\\/\\\/www.mknet.es\\\/?page_id=2#breadcrumb\"},\"inLanguage\":\"es\",\"potentialAction\":[{\"@type\":\"ReadAction\",\"target\":[\"https:\\\/\\\/www.mknet.es\\\/?page_id=2\"]}]},{\"@type\":\"ImageObject\",\"inLanguage\":\"es\",\"@id\":\"https:\\\/\\\/www.mknet.es\\\/?page_id=2#primaryimage\",\"url\":\"https:\\\/\\\/www.mknet.es\\\/wp-content\\\/uploads\\\/2010\\\/06\\\/callcenter.jpg\",\"contentUrl\":\"https:\\\/\\\/www.mknet.es\\\/wp-content\\\/uploads\\\/2010\\\/06\\\/callcenter.jpg\",\"width\":\"396\",\"height\":\"353\"},{\"@type\":\"BreadcrumbList\",\"@id\":\"https:\\\/\\\/www.mknet.es\\\/?page_id=2#breadcrumb\",\"itemListElement\":[{\"@type\":\"ListItem\",\"position\":1,\"name\":\"Home\",\"item\":\"https:\\\/\\\/www.mknet.es\\\/\"},{\"@type\":\"ListItem\",\"position\":2,\"name\":\"Qui\u00e9nes Somos\"}]},{\"@type\":\"WebSite\",\"@id\":\"https:\\\/\\\/www.mknet.es\\\/#website\",\"url\":\"https:\\\/\\\/www.mknet.es\\\/\",\"name\":\"Mknet\",\"description\":\"\",\"publisher\":{\"@id\":\"https:\\\/\\\/www.mknet.es\\\/#organization\"},\"potentialAction\":[{\"@type\":\"SearchAction\",\"target\":{\"@type\":\"EntryPoint\",\"urlTemplate\":\"https:\\\/\\\/www.mknet.es\\\/?s={search_term_string}\"},\"query-input\":{\"@type\":\"PropertyValueSpecification\",\"valueRequired\":true,\"valueName\":\"search_term_string\"}}],\"inLanguage\":\"es\"},{\"@type\":\"Organization\",\"@id\":\"https:\\\/\\\/www.mknet.es\\\/#organization\",\"name\":\"Mknet\",\"url\":\"https:\\\/\\\/www.mknet.es\\\/\",\"logo\":{\"@type\":\"ImageObject\",\"inLanguage\":\"es\",\"@id\":\"https:\\\/\\\/www.mknet.es\\\/#\\\/schema\\\/logo\\\/image\\\/\",\"url\":\"https:\\\/\\\/www.mknet.es\\\/wp-content\\\/uploads\\\/2020\\\/04\\\/cropped-Logo-mknet-web-2.png\",\"contentUrl\":\"https:\\\/\\\/www.mknet.es\\\/wp-content\\\/uploads\\\/2020\\\/04\\\/cropped-Logo-mknet-web-2.png\",\"width\":331,\"height\":155,\"caption\":\"Mknet\"},\"image\":{\"@id\":\"https:\\\/\\\/www.mknet.es\\\/#\\\/schema\\\/logo\\\/image\\\/\"}}]}<\/script>\n<!-- \/ Yoast SEO plugin. -->","yoast_head_json":{"title":"Qui\u00e9nes Somos - Mknet","robots":{"index":"index","follow":"follow","max-snippet":"max-snippet:-1","max-image-preview":"max-image-preview:large","max-video-preview":"max-video-preview:-1"},"canonical":"https:\/\/www.mknet.es\/?page_id=2","og_locale":"es_ES","og_type":"article","og_title":"Qui\u00e9nes Somos - Mknet","og_description":"MKnet es una empresa fundada en el a\u00f1o 2010. Sus socias fundadoras proceden del mundo del telemarketing y cuentan con m\u00e1s de 20 a\u00f1os de experiencia en este campo. Desde su creaci\u00f3n, MKnet\u00a0ha dirigido sus esfuerzos a consolidarse como una herramienta de apoyo en la gesti\u00f3n comercial de sus clientes, prestando un servicio de telemarketing&hellip; Read more","og_url":"https:\/\/www.mknet.es\/?page_id=2","og_site_name":"Mknet","article_modified_time":"2022-09-15T11:21:49+00:00","og_image":[{"url":"http:\/\/www.mknet.es\/wp-content\/uploads\/2010\/06\/callcenter-300x267.jpg","type":"","width":"","height":""}],"twitter_card":"summary_large_image","twitter_misc":{"Est. reading time":"1 minute"},"schema":{"@context":"https:\/\/schema.org","@graph":[{"@type":"WebPage","@id":"https:\/\/www.mknet.es\/?page_id=2","url":"https:\/\/www.mknet.es\/?page_id=2","name":"Qui\u00e9nes Somos - Mknet","isPartOf":{"@id":"https:\/\/www.mknet.es\/#website"},"primaryImageOfPage":{"@id":"https:\/\/www.mknet.es\/?page_id=2#primaryimage"},"image":{"@id":"https:\/\/www.mknet.es\/?page_id=2#primaryimage"},"thumbnailUrl":"http:\/\/www.mknet.es\/wp-content\/uploads\/2010\/06\/callcenter-300x267.jpg","datePublished":"2010-06-18T20:51:35+00:00","dateModified":"2022-09-15T11:21:49+00:00","breadcrumb":{"@id":"https:\/\/www.mknet.es\/?page_id=2#breadcrumb"},"inLanguage":"es","potentialAction":[{"@type":"ReadAction","target":["https:\/\/www.mknet.es\/?page_id=2"]}]},{"@type":"ImageObject","inLanguage":"es","@id":"https:\/\/www.mknet.es\/?page_id=2#primaryimage","url":"https:\/\/www.mknet.es\/wp-content\/uploads\/2010\/06\/callcenter.jpg","contentUrl":"https:\/\/www.mknet.es\/wp-content\/uploads\/2010\/06\/callcenter.jpg","width":"396","height":"353"},{"@type":"BreadcrumbList","@id":"https:\/\/www.mknet.es\/?page_id=2#breadcrumb","itemListElement":[{"@type":"ListItem","position":1,"name":"Home","item":"https:\/\/www.mknet.es\/"},{"@type":"ListItem","position":2,"name":"Qui\u00e9nes Somos"}]},{"@type":"WebSite","@id":"https:\/\/www.mknet.es\/#website","url":"https:\/\/www.mknet.es\/","name":"Mknet","description":"","publisher":{"@id":"https:\/\/www.mknet.es\/#organization"},"potentialAction":[{"@type":"SearchAction","target":{"@type":"EntryPoint","urlTemplate":"https:\/\/www.mknet.es\/?s={search_term_string}"},"query-input":{"@type":"PropertyValueSpecification","valueRequired":true,"valueName":"search_term_string"}}],"inLanguage":"es"},{"@type":"Organization","@id":"https:\/\/www.mknet.es\/#organization","name":"Mknet","url":"https:\/\/www.mknet.es\/","logo":{"@type":"ImageObject","inLanguage":"es","@id":"https:\/\/www.mknet.es\/#\/schema\/logo\/image\/","url":"https:\/\/www.mknet.es\/wp-content\/uploads\/2020\/04\/cropped-Logo-mknet-web-2.png","contentUrl":"https:\/\/www.mknet.es\/wp-content\/uploads\/2020\/04\/cropped-Logo-mknet-web-2.png","width":331,"height":155,"caption":"Mknet"},"image":{"@id":"https:\/\/www.mknet.es\/#\/schema\/logo\/image\/"}}]}},"_links":{"self":[{"href":"https:\/\/www.mknet.es\/index.php?rest_route=\/wp\/v2\/pages\/2","targetHints":{"allow":["GET"]}}],"collection":[{"href":"https:\/\/www.mknet.es\/index.php?rest_route=\/wp\/v2\/pages"}],"about":[{"href":"https:\/\/www.mknet.es\/index.php?rest_route=\/wp\/v2\/types\/page"}],"author":[{"embeddable":true,"href":"https:\/\/www.mknet.es\/index.php?rest_route=\/wp\/v2\/users\/1"}],"replies":[{"embeddable":true,"href":"https:\/\/www.mknet.es\/index.php?rest_route=%2Fwp%2Fv2%2Fcomments&post=2"}],"version-history":[{"count":20,"href":"https:\/\/www.mknet.es\/index.php?rest_route=\/wp\/v2\/pages\/2\/revisions"}],"predecessor-version":[{"id":1018,"href":"https:\/\/www.mknet.es\/index.php?rest_route=\/wp\/v2\/pages\/2\/revisions\/1018"}],"wp:attachment":[{"href":"https:\/\/www.mknet.es\/index.php?rest_route=%2Fwp%2Fv2%2Fmedia&parent=2"}],"curies":[{"name":"wp","href":"https:\/\/api.w.org\/{rel}","templated":true}]}}