{"id":11,"date":"2011-02-09T11:15:02","date_gmt":"2011-02-09T10:15:02","guid":{"rendered":"http:\/\/www.mknet.es\/?page_id=11"},"modified":"2024-04-12T10:36:39","modified_gmt":"2024-04-12T08:36:39","slug":"contacto","status":"publish","type":"page","link":"https:\/\/www.mknet.es\/?page_id=11","title":{"rendered":"Contacto"},"content":{"rendered":"<p><span style=\"color: #333333;\">Para hacer cualquier consulta o solicitar presupuesto, puede contactar con nosotros en:<\/span><\/p>\n<p id=\"_mcePaste\"><span style=\"color: #333333;\">C\/ Juan Bautista Zabala, 12 \u2013 5\u00ba. Dpto. 3A<\/span><\/p>\n<p id=\"_mcePaste\"><span style=\"color: #333333;\">48991-Algorta (Getxo)<\/span><\/p>\n<p id=\"_mcePaste\"><span style=\"color: #333333;\">Vizcaya<\/span><\/p>\n<p id=\"_mcePaste\"><span style=\"color: #333333;\">Tfno.: 946542066\/946758408<\/span><\/p>\n<p><span style=\"color: #333333;\">info@mknet.es<\/span><\/p>\n<p style=\"text-align: justify;\">AVISO LEGAL &#8211;<br \/>\nResponsable: Identidad: TELEMARKETINGALGORTA, S.L. &#8211; CIF: B95788436\u00a0 Dir. postal: JUAN BAUTISTA<br \/>\nZABALA 12 &#8211; 5\u00ba DPTO 3A 48991 ALGORTA BIZKAIA Tel\u00e9fono: 946542066 \u00a0\u00a0\u00a0Correo elect: info@mknet.es<br \/>\n\u201cEn nombre de la empresa tratamos la informaci\u00f3n que nos facilita con el fin de mantenerle informado<br \/>\nde nuestros servicios y gestionar los archivos de CLIENTES Y PROSPECTOS Los datos proporcionados se<br \/>\nconservar\u00e1n hasta\u00a0 hasta que usted ejerza su derecho de cancelaci\u00f3n; por tanto tiene derecho a acceder<br \/>\na sus datos personales, rectificar los datos inexactos o solicitar su supresi\u00f3n cuando los datos ya no sean<br \/>\nnecesarios. Los datos no se ceder\u00e1n a terceros.\u201d<br \/>\nDerechos de los interesados.<br \/>\nEl interesado podr\u00e1 ejercer los derechos de acceso, rectificaci\u00f3n, supresi\u00f3n, oposici\u00f3n, portabilidad y<br \/>\nlimitaci\u00f3n, dirigi\u00e9ndose a TELEMARKETINGALGORTA,S .L., mediante solicitud a nuestra direcci\u00f3n de<br \/>\ncorreo electr\u00f3nico establecida a tal efecto: info@mknet.es, o a la direcci\u00f3n postal: MKNET. c\/ Juan<br \/>\nBautista Zabala, 12 \u2013 5\u00ba dpto. 3 A 48991 GETXO BIZKAIA adjuntando en todo caso, fotocopia del D.N.I o<br \/>\ndocumento equivalente v\u00e1lido en derecho que permita acreditar su identidad, y especificando el<br \/>\nderecho que desea ejercer.<\/p>\n","protected":false},"excerpt":{"rendered":"<p>Para hacer cualquier consulta o solicitar presupuesto, puede contactar con nosotros en: C\/ Juan Bautista Zabala, 12 \u2013 5\u00ba. Dpto. 3A 48991-Algorta (Getxo) Vizcaya Tfno.: 946542066\/946758408 info@mknet.es AVISO LEGAL &#8211; Responsable: Identidad: TELEMARKETINGALGORTA, S.L. &#8211; CIF: B95788436\u00a0 Dir. postal: JUAN BAUTISTA ZABALA 12 &#8211; 5\u00ba DPTO 3A 48991 ALGORTA BIZKAIA Tel\u00e9fono: 946542066 \u00a0\u00a0\u00a0Correo elect: info@mknet.es&hellip; <br \/> <a class=\"read-more\" href=\"https:\/\/www.mknet.es\/?page_id=11\">Read more<\/a><\/p>\n","protected":false},"author":1,"featured_media":0,"parent":0,"menu_order":6,"comment_status":"closed","ping_status":"closed","template":"","meta":{"footnotes":""},"class_list":["post-11","page","type-page","status-publish","hentry"],"yoast_head":"<!-- This site is optimized with the Yoast SEO plugin v27.5 - https:\/\/yoast.com\/product\/yoast-seo-wordpress\/ -->\n<title>Contacto - Mknet<\/title>\n<meta name=\"robots\" content=\"index, follow, max-snippet:-1, max-image-preview:large, max-video-preview:-1\" \/>\n<link rel=\"canonical\" href=\"https:\/\/www.mknet.es\/?page_id=11\" \/>\n<meta property=\"og:locale\" content=\"es_ES\" \/>\n<meta property=\"og:type\" content=\"article\" \/>\n<meta property=\"og:title\" content=\"Contacto - Mknet\" \/>\n<meta property=\"og:description\" content=\"Para hacer cualquier consulta o solicitar presupuesto, puede contactar con nosotros en: C\/ Juan Bautista Zabala, 12 \u2013 5\u00ba. Dpto. 3A 48991-Algorta (Getxo) Vizcaya Tfno.: 946542066\/946758408 info@mknet.es AVISO LEGAL &#8211; Responsable: Identidad: TELEMARKETINGALGORTA, S.L. &#8211; CIF: B95788436\u00a0 Dir. postal: JUAN BAUTISTA ZABALA 12 &#8211; 5\u00ba DPTO 3A 48991 ALGORTA BIZKAIA Tel\u00e9fono: 946542066 \u00a0\u00a0\u00a0Correo elect: info@mknet.es&hellip; Read more\" \/>\n<meta property=\"og:url\" content=\"https:\/\/www.mknet.es\/?page_id=11\" \/>\n<meta property=\"og:site_name\" content=\"Mknet\" \/>\n<meta property=\"article:modified_time\" content=\"2024-04-12T08:36:39+00:00\" \/>\n<meta name=\"twitter:card\" content=\"summary_large_image\" \/>\n<meta name=\"twitter:label1\" content=\"Est. reading time\" \/>\n\t<meta name=\"twitter:data1\" content=\"1 minute\" \/>\n<script type=\"application\/ld+json\" class=\"yoast-schema-graph\">{\"@context\":\"https:\\\/\\\/schema.org\",\"@graph\":[{\"@type\":\"WebPage\",\"@id\":\"https:\\\/\\\/www.mknet.es\\\/?page_id=11\",\"url\":\"https:\\\/\\\/www.mknet.es\\\/?page_id=11\",\"name\":\"Contacto - Mknet\",\"isPartOf\":{\"@id\":\"https:\\\/\\\/www.mknet.es\\\/#website\"},\"datePublished\":\"2011-02-09T10:15:02+00:00\",\"dateModified\":\"2024-04-12T08:36:39+00:00\",\"breadcrumb\":{\"@id\":\"https:\\\/\\\/www.mknet.es\\\/?page_id=11#breadcrumb\"},\"inLanguage\":\"es\",\"potentialAction\":[{\"@type\":\"ReadAction\",\"target\":[\"https:\\\/\\\/www.mknet.es\\\/?page_id=11\"]}]},{\"@type\":\"BreadcrumbList\",\"@id\":\"https:\\\/\\\/www.mknet.es\\\/?page_id=11#breadcrumb\",\"itemListElement\":[{\"@type\":\"ListItem\",\"position\":1,\"name\":\"Home\",\"item\":\"https:\\\/\\\/www.mknet.es\\\/\"},{\"@type\":\"ListItem\",\"position\":2,\"name\":\"Contacto\"}]},{\"@type\":\"WebSite\",\"@id\":\"https:\\\/\\\/www.mknet.es\\\/#website\",\"url\":\"https:\\\/\\\/www.mknet.es\\\/\",\"name\":\"Mknet\",\"description\":\"\",\"publisher\":{\"@id\":\"https:\\\/\\\/www.mknet.es\\\/#organization\"},\"potentialAction\":[{\"@type\":\"SearchAction\",\"target\":{\"@type\":\"EntryPoint\",\"urlTemplate\":\"https:\\\/\\\/www.mknet.es\\\/?s={search_term_string}\"},\"query-input\":{\"@type\":\"PropertyValueSpecification\",\"valueRequired\":true,\"valueName\":\"search_term_string\"}}],\"inLanguage\":\"es\"},{\"@type\":\"Organization\",\"@id\":\"https:\\\/\\\/www.mknet.es\\\/#organization\",\"name\":\"Mknet\",\"url\":\"https:\\\/\\\/www.mknet.es\\\/\",\"logo\":{\"@type\":\"ImageObject\",\"inLanguage\":\"es\",\"@id\":\"https:\\\/\\\/www.mknet.es\\\/#\\\/schema\\\/logo\\\/image\\\/\",\"url\":\"https:\\\/\\\/www.mknet.es\\\/wp-content\\\/uploads\\\/2020\\\/04\\\/cropped-Logo-mknet-web-2.png\",\"contentUrl\":\"https:\\\/\\\/www.mknet.es\\\/wp-content\\\/uploads\\\/2020\\\/04\\\/cropped-Logo-mknet-web-2.png\",\"width\":331,\"height\":155,\"caption\":\"Mknet\"},\"image\":{\"@id\":\"https:\\\/\\\/www.mknet.es\\\/#\\\/schema\\\/logo\\\/image\\\/\"}}]}<\/script>\n<!-- \/ Yoast SEO plugin. -->","yoast_head_json":{"title":"Contacto - Mknet","robots":{"index":"index","follow":"follow","max-snippet":"max-snippet:-1","max-image-preview":"max-image-preview:large","max-video-preview":"max-video-preview:-1"},"canonical":"https:\/\/www.mknet.es\/?page_id=11","og_locale":"es_ES","og_type":"article","og_title":"Contacto - Mknet","og_description":"Para hacer cualquier consulta o solicitar presupuesto, puede contactar con nosotros en: C\/ Juan Bautista Zabala, 12 \u2013 5\u00ba. Dpto. 3A 48991-Algorta (Getxo) Vizcaya Tfno.: 946542066\/946758408 info@mknet.es AVISO LEGAL &#8211; Responsable: Identidad: TELEMARKETINGALGORTA, S.L. &#8211; CIF: B95788436\u00a0 Dir. postal: JUAN BAUTISTA ZABALA 12 &#8211; 5\u00ba DPTO 3A 48991 ALGORTA BIZKAIA Tel\u00e9fono: 946542066 \u00a0\u00a0\u00a0Correo elect: info@mknet.es&hellip; Read more","og_url":"https:\/\/www.mknet.es\/?page_id=11","og_site_name":"Mknet","article_modified_time":"2024-04-12T08:36:39+00:00","twitter_card":"summary_large_image","twitter_misc":{"Est. reading time":"1 minute"},"schema":{"@context":"https:\/\/schema.org","@graph":[{"@type":"WebPage","@id":"https:\/\/www.mknet.es\/?page_id=11","url":"https:\/\/www.mknet.es\/?page_id=11","name":"Contacto - Mknet","isPartOf":{"@id":"https:\/\/www.mknet.es\/#website"},"datePublished":"2011-02-09T10:15:02+00:00","dateModified":"2024-04-12T08:36:39+00:00","breadcrumb":{"@id":"https:\/\/www.mknet.es\/?page_id=11#breadcrumb"},"inLanguage":"es","potentialAction":[{"@type":"ReadAction","target":["https:\/\/www.mknet.es\/?page_id=11"]}]},{"@type":"BreadcrumbList","@id":"https:\/\/www.mknet.es\/?page_id=11#breadcrumb","itemListElement":[{"@type":"ListItem","position":1,"name":"Home","item":"https:\/\/www.mknet.es\/"},{"@type":"ListItem","position":2,"name":"Contacto"}]},{"@type":"WebSite","@id":"https:\/\/www.mknet.es\/#website","url":"https:\/\/www.mknet.es\/","name":"Mknet","description":"","publisher":{"@id":"https:\/\/www.mknet.es\/#organization"},"potentialAction":[{"@type":"SearchAction","target":{"@type":"EntryPoint","urlTemplate":"https:\/\/www.mknet.es\/?s={search_term_string}"},"query-input":{"@type":"PropertyValueSpecification","valueRequired":true,"valueName":"search_term_string"}}],"inLanguage":"es"},{"@type":"Organization","@id":"https:\/\/www.mknet.es\/#organization","name":"Mknet","url":"https:\/\/www.mknet.es\/","logo":{"@type":"ImageObject","inLanguage":"es","@id":"https:\/\/www.mknet.es\/#\/schema\/logo\/image\/","url":"https:\/\/www.mknet.es\/wp-content\/uploads\/2020\/04\/cropped-Logo-mknet-web-2.png","contentUrl":"https:\/\/www.mknet.es\/wp-content\/uploads\/2020\/04\/cropped-Logo-mknet-web-2.png","width":331,"height":155,"caption":"Mknet"},"image":{"@id":"https:\/\/www.mknet.es\/#\/schema\/logo\/image\/"}}]}},"_links":{"self":[{"href":"https:\/\/www.mknet.es\/index.php?rest_route=\/wp\/v2\/pages\/11","targetHints":{"allow":["GET"]}}],"collection":[{"href":"https:\/\/www.mknet.es\/index.php?rest_route=\/wp\/v2\/pages"}],"about":[{"href":"https:\/\/www.mknet.es\/index.php?rest_route=\/wp\/v2\/types\/page"}],"author":[{"embeddable":true,"href":"https:\/\/www.mknet.es\/index.php?rest_route=\/wp\/v2\/users\/1"}],"replies":[{"embeddable":true,"href":"https:\/\/www.mknet.es\/index.php?rest_route=%2Fwp%2Fv2%2Fcomments&post=11"}],"version-history":[{"count":30,"href":"https:\/\/www.mknet.es\/index.php?rest_route=\/wp\/v2\/pages\/11\/revisions"}],"predecessor-version":[{"id":1057,"href":"https:\/\/www.mknet.es\/index.php?rest_route=\/wp\/v2\/pages\/11\/revisions\/1057"}],"wp:attachment":[{"href":"https:\/\/www.mknet.es\/index.php?rest_route=%2Fwp%2Fv2%2Fmedia&parent=11"}],"curies":[{"name":"wp","href":"https:\/\/api.w.org\/{rel}","templated":true}]}}